{"id":759116,"date":"2026-04-11T03:00:05","date_gmt":"2026-04-11T03:00:05","guid":{"rendered":""},"modified":"2026-04-11T03:00:05","modified_gmt":"2026-04-11T03:00:05","slug":"exide-efb-60ah-520a-230x173x2221","status":"publish","type":"product","link":"https:\/\/tparts.ee\/et\/p\/exide-efb-60ah-520a-230x173x2221\/","title":{"rendered":"Exide EFB 60Ah 520A 230x173x222+-"},"content":{"rendered":"<p><\/p>\n<ul>\n<li>Mahutavus: 60Ah&nbsp;<\/li>\n<li>K\u00e4ivitusvool: 520A&nbsp;<\/li>\n<li>Pikkus: 230mm&nbsp;<\/li>\n<li>Laius: 173mm&nbsp;<\/li>\n<li>K\u00f5rgus: 222mm&nbsp;<\/li>\n<\/ul>\n<p><strong>Eelised: <\/strong><br \/>Hea vastuv\u00f5tlikus laadimisele terve kasutusea v\u00e4ltel <br \/>N\u00fc\u00fcd 3 korda k\u00f5rgem ts\u00fckli taluvus (koormamine-laadimine) <br \/>Hea taluvus osalisele laetud olekus kasutamisele <br \/>Ideaalne v\u00e4ikese ja keskmise mootorimahuga autodele<\/p>","protected":false},"excerpt":{"rendered":"<p>S106-EL605<\/p>\n","protected":false},"featured_media":759117,"template":"","meta":[],"product_cat":[56007,55649,55632],"product_tag":[],"_links":{"self":[{"href":"https:\/\/tparts.ee\/et\/wp-json\/wp\/v2\/product\/759116"}],"collection":[{"href":"https:\/\/tparts.ee\/et\/wp-json\/wp\/v2\/product"}],"about":[{"href":"https:\/\/tparts.ee\/et\/wp-json\/wp\/v2\/types\/product"}],"wp:featuredmedia":[{"embeddable":true,"href":"https:\/\/tparts.ee\/et\/wp-json\/wp\/v2\/media\/759117"}],"wp:attachment":[{"href":"https:\/\/tparts.ee\/et\/wp-json\/wp\/v2\/media?parent=759116"}],"wp:term":[{"taxonomy":"product_cat","embeddable":true,"href":"https:\/\/tparts.ee\/et\/wp-json\/wp\/v2\/product_cat?post=759116"},{"taxonomy":"product_tag","embeddable":true,"href":"https:\/\/tparts.ee\/et\/wp-json\/wp\/v2\/product_tag?post=759116"}],"curies":[{"name":"wp","href":"https:\/\/api.w.org\/{rel}","templated":true}]}}