{"id":758968,"date":"2026-04-07T03:00:06","date_gmt":"2026-04-07T03:00:06","guid":{"rendered":""},"modified":"2026-04-07T03:00:06","modified_gmt":"2026-04-07T03:00:06","slug":"start-mega-50ah-420a-207x175x175","status":"publish","type":"product","link":"https:\/\/tparts.ee\/et\/p\/start-mega-50ah-420a-207x175x175\/","title":{"rendered":"Start Mega 50Ah 420A 207x175x175-+"},"content":{"rendered":"<p><\/p>\n<p>Mahutuvus: 50Ah<\/p>\n<p>     K\u00e4ivitusvool: 420A<br \/>     Pikkus: 207mm<br \/>     Laius: 175mm<br \/>     K\u00f5rgus: 175mm<\/p>\n<p>Start Ultra k\u00e4ivitusaku pakub suurt j\u00f5udlust ja head vastupidavust.     M\u00f5eldud rohke elektrilise lisavarustusega s\u00f5idukile ja \u00e4\u00e4rmuslikesse     kliimatingimustesse.<br \/>     Ideaalne aku uutele ja rohke elektrilise lisavarustusega autodele<br \/>     Kuni 30% k\u00f5rgem k\u00e4ivitusvool v\u00f5rreldes tavaakuga<br \/>     Hea vastupidavus ja pikk kasutusiga<br \/>     Laadimisetaseme indikaator <br \/>     Hooldevaba<\/p>","protected":false},"excerpt":{"rendered":"<p>S106-550014042<\/p>\n","protected":false},"featured_media":758969,"template":"","meta":[],"product_cat":[56007,55649,55632],"product_tag":[],"_links":{"self":[{"href":"https:\/\/tparts.ee\/et\/wp-json\/wp\/v2\/product\/758968"}],"collection":[{"href":"https:\/\/tparts.ee\/et\/wp-json\/wp\/v2\/product"}],"about":[{"href":"https:\/\/tparts.ee\/et\/wp-json\/wp\/v2\/types\/product"}],"wp:featuredmedia":[{"embeddable":true,"href":"https:\/\/tparts.ee\/et\/wp-json\/wp\/v2\/media\/758969"}],"wp:attachment":[{"href":"https:\/\/tparts.ee\/et\/wp-json\/wp\/v2\/media?parent=758968"}],"wp:term":[{"taxonomy":"product_cat","embeddable":true,"href":"https:\/\/tparts.ee\/et\/wp-json\/wp\/v2\/product_cat?post=758968"},{"taxonomy":"product_tag","embeddable":true,"href":"https:\/\/tparts.ee\/et\/wp-json\/wp\/v2\/product_tag?post=758968"}],"curies":[{"name":"wp","href":"https:\/\/api.w.org\/{rel}","templated":true}]}}