{"id":758918,"date":"2026-04-16T03:00:05","date_gmt":"2026-04-16T03:00:05","guid":{"rendered":""},"modified":"2026-04-16T03:00:05","modified_gmt":"2026-04-16T03:00:05","slug":"12v-8ah-yt9b-bs-agm-150x70x105-exide","status":"publish","type":"product","link":"https:\/\/tparts.ee\/et\/p\/12v-8ah-yt9b-bs-agm-150x70x105-exide\/","title":{"rendered":"12V 8Ah YT9B-BS AGM 150x70x105+- Exide"},"content":{"rendered":"<p><\/p>\n<p>&nbsp;<\/p>\n<ul>\n<li>Eriti suure v\u00f5imsusega 12 V AGM\/GEL aku kasutamiseks eriti n\u00f5udlikel tingimustel.&nbsp;<\/li>\n<li>Suur k\u00e4ivitusvool ja vibratsioonikindlus.<\/li>\n<li>Lekkekindel ja 100% hooldevaba.&nbsp;<\/li>\n<li>V\u00f5ib paigaldada p\u00fcstisesse ja lamavasse asendisse.<\/li>\n<li>Eriti pikk kasutusiga.&nbsp;<\/li>\n<li>Talub h\u00e4sti s\u00fcgavt\u00fchjendamist ning laadimis- ja t\u00fchjenemists\u00fckleid.&nbsp;<\/li>\n<li>Aku tarnitakse laetuna.<\/li>\n<\/ul>\n<p>&nbsp;<\/p>\n<table width=400 border=0 cellpadding=1 cellspacing=1>\n<tbody>\n<tr>\n<td height=35 width=150 valign=middle><span style=color: rgb(128\n<\/p>","protected":false},"excerpt":{"rendered":"<p>S106-4903<\/p>\n","protected":false},"featured_media":758919,"template":"","meta":[],"product_cat":[55837,55704],"product_tag":[],"_links":{"self":[{"href":"https:\/\/tparts.ee\/et\/wp-json\/wp\/v2\/product\/758918"}],"collection":[{"href":"https:\/\/tparts.ee\/et\/wp-json\/wp\/v2\/product"}],"about":[{"href":"https:\/\/tparts.ee\/et\/wp-json\/wp\/v2\/types\/product"}],"wp:featuredmedia":[{"embeddable":true,"href":"https:\/\/tparts.ee\/et\/wp-json\/wp\/v2\/media\/758919"}],"wp:attachment":[{"href":"https:\/\/tparts.ee\/et\/wp-json\/wp\/v2\/media?parent=758918"}],"wp:term":[{"taxonomy":"product_cat","embeddable":true,"href":"https:\/\/tparts.ee\/et\/wp-json\/wp\/v2\/product_cat?post=758918"},{"taxonomy":"product_tag","embeddable":true,"href":"https:\/\/tparts.ee\/et\/wp-json\/wp\/v2\/product_tag?post=758918"}],"curies":[{"name":"wp","href":"https:\/\/api.w.org\/{rel}","templated":true}]}}