{"id":758906,"date":"2026-04-16T03:00:05","date_gmt":"2026-04-16T03:00:05","guid":{"rendered":""},"modified":"2026-04-16T03:00:05","modified_gmt":"2026-04-16T03:00:05","slug":"12v-10ah-ytx12-bs-agm-150x87x130-exide","status":"publish","type":"product","link":"https:\/\/tparts.ee\/et\/p\/12v-10ah-ytx12-bs-agm-150x87x130-exide\/","title":{"rendered":"12V 10Ah YTX12-BS AGM 150x87x130+- Exide"},"content":{"rendered":"<p><\/p>\n<p>&nbsp;<\/p>\n<ul>\n<li>Suure v\u00f5imsusega 12 V AGM aku kasutamiseks n\u00f5udlikel tingimustel.&nbsp;<\/li>\n<li>Suur k\u00e4ivitusvool.<\/li>\n<li>Lekkekindel ja 100% hooldevaba.&nbsp;<\/li>\n<li>V\u00f5ib paigaldada p\u00fcstisesse ja lamavasse asendisse.&nbsp;<\/li>\n<li>Aku tarnitakse kuivlaetuna kuid koos elektrol\u00fc\u00fcdi t\u00e4itekassetiga.&nbsp;<\/li>\n<li>Enne kasutuselev\u00f5ttu tuleb aku t\u00e4ita elektrol\u00fc\u00fcdiga.<\/li>\n<\/ul>\n<p>&nbsp;<\/p>\n<table width=400 border=0 cellpadding=1 cellspacing=1>\n<tbody>\n<tr>\n<td height=35 width=150 valign=middle><span style=color: rgb(128<br \/>","protected":false},"excerpt":{"rendered":"<p>S106-4596<\/p>\n","protected":false},"featured_media":758907,"template":"","meta":[],"product_cat":[55837,55704],"product_tag":[],"_links":{"self":[{"href":"https:\/\/tparts.ee\/et\/wp-json\/wp\/v2\/product\/758906"}],"collection":[{"href":"https:\/\/tparts.ee\/et\/wp-json\/wp\/v2\/product"}],"about":[{"href":"https:\/\/tparts.ee\/et\/wp-json\/wp\/v2\/types\/product"}],"wp:featuredmedia":[{"embeddable":true,"href":"https:\/\/tparts.ee\/et\/wp-json\/wp\/v2\/media\/758907"}],"wp:attachment":[{"href":"https:\/\/tparts.ee\/et\/wp-json\/wp\/v2\/media?parent=758906"}],"wp:term":[{"taxonomy":"product_cat","embeddable":true,"href":"https:\/\/tparts.ee\/et\/wp-json\/wp\/v2\/product_cat?post=758906"},{"taxonomy":"product_tag","embeddable":true,"href":"https:\/\/tparts.ee\/et\/wp-json\/wp\/v2\/product_tag?post=758906"}],"curies":[{"name":"wp","href":"https:\/\/api.w.org\/{rel}","templated":true}]}}