{"id":758014,"date":"2026-01-10T03:00:07","date_gmt":"2026-01-10T03:00:07","guid":{"rendered":""},"modified":"2026-01-10T03:00:07","modified_gmt":"2026-01-10T03:00:07","slug":"veniv-koormanoor-50m","status":"publish","type":"product","link":"https:\/\/tparts.ee\/et\/p\/veniv-koormanoor-50m\/","title":{"rendered":"Veniv koorman\u00f6\u00f6r 50m"},"content":{"rendered":"<p> l\u00e4bim.10mm<\/p>","protected":false},"excerpt":{"rendered":"<p>S103-6025.1<\/p>\n","protected":false},"featured_media":758015,"template":"","meta":[],"product_cat":[55632,55887,55880,55683],"product_tag":[],"_links":{"self":[{"href":"https:\/\/tparts.ee\/et\/wp-json\/wp\/v2\/product\/758014"}],"collection":[{"href":"https:\/\/tparts.ee\/et\/wp-json\/wp\/v2\/product"}],"about":[{"href":"https:\/\/tparts.ee\/et\/wp-json\/wp\/v2\/types\/product"}],"wp:featuredmedia":[{"embeddable":true,"href":"https:\/\/tparts.ee\/et\/wp-json\/wp\/v2\/media\/758015"}],"wp:attachment":[{"href":"https:\/\/tparts.ee\/et\/wp-json\/wp\/v2\/media?parent=758014"}],"wp:term":[{"taxonomy":"product_cat","embeddable":true,"href":"https:\/\/tparts.ee\/et\/wp-json\/wp\/v2\/product_cat?post=758014"},{"taxonomy":"product_tag","embeddable":true,"href":"https:\/\/tparts.ee\/et\/wp-json\/wp\/v2\/product_tag?post=758014"}],"curies":[{"name":"wp","href":"https:\/\/api.w.org\/{rel}","templated":true}]}}