{"id":757506,"date":"2026-03-17T03:00:04","date_gmt":"2026-03-17T03:00:04","guid":{"rendered":""},"modified":"2026-03-17T03:00:04","modified_gmt":"2026-03-17T03:00:04","slug":"luliti-led-punase-valgusega-12v","status":"publish","type":"product","link":"https:\/\/tparts.ee\/et\/p\/luliti-led-punase-valgusega-12v\/","title":{"rendered":"L\u00fcliti led punase valgusega 12V"},"content":{"rendered":"<p><\/p>\n<ul><\/p>\n<li>push-pull (l\u00fckka-t\u00f5mba)<\/li>\n<p><\/p>\n<li>kinnitusava l\u00e4bim\u00f5\u00f5t 12<br \/>","protected":false},"excerpt":{"rendered":"<p>S103-4557.0<\/p>\n","protected":false},"featured_media":757507,"template":"","meta":[],"product_cat":[55632,55662,55663],"product_tag":[],"_links":{"self":[{"href":"https:\/\/tparts.ee\/et\/wp-json\/wp\/v2\/product\/757506"}],"collection":[{"href":"https:\/\/tparts.ee\/et\/wp-json\/wp\/v2\/product"}],"about":[{"href":"https:\/\/tparts.ee\/et\/wp-json\/wp\/v2\/types\/product"}],"wp:featuredmedia":[{"embeddable":true,"href":"https:\/\/tparts.ee\/et\/wp-json\/wp\/v2\/media\/757507"}],"wp:attachment":[{"href":"https:\/\/tparts.ee\/et\/wp-json\/wp\/v2\/media?parent=757506"}],"wp:term":[{"taxonomy":"product_cat","embeddable":true,"href":"https:\/\/tparts.ee\/et\/wp-json\/wp\/v2\/product_cat?post=757506"},{"taxonomy":"product_tag","embeddable":true,"href":"https:\/\/tparts.ee\/et\/wp-json\/wp\/v2\/product_tag?post=757506"}],"curies":[{"name":"wp","href":"https:\/\/api.w.org\/{rel}","templated":true}]}}