{"id":757308,"date":"2026-03-25T03:00:04","date_gmt":"2026-03-25T03:00:04","guid":{"rendered":""},"modified":"2026-03-25T03:00:04","modified_gmt":"2026-03-25T03:00:04","slug":"sigaretisuutajaotsik-12v","status":"publish","type":"product","link":"https:\/\/tparts.ee\/et\/p\/sigaretisuutajaotsik-12v\/","title":{"rendered":"Sigaretis\u00fc\u00fctajaotsik 12V"},"content":{"rendered":"<p> l\u00e4bim\u00f5\u00f5t 21mm<\/p>","protected":false},"excerpt":{"rendered":"<p>S103-3906.3<\/p>\n","protected":false},"featured_media":757309,"template":"","meta":[],"product_cat":[55632,55662,55664],"product_tag":[],"_links":{"self":[{"href":"https:\/\/tparts.ee\/et\/wp-json\/wp\/v2\/product\/757308"}],"collection":[{"href":"https:\/\/tparts.ee\/et\/wp-json\/wp\/v2\/product"}],"about":[{"href":"https:\/\/tparts.ee\/et\/wp-json\/wp\/v2\/types\/product"}],"wp:featuredmedia":[{"embeddable":true,"href":"https:\/\/tparts.ee\/et\/wp-json\/wp\/v2\/media\/757309"}],"wp:attachment":[{"href":"https:\/\/tparts.ee\/et\/wp-json\/wp\/v2\/media?parent=757308"}],"wp:term":[{"taxonomy":"product_cat","embeddable":true,"href":"https:\/\/tparts.ee\/et\/wp-json\/wp\/v2\/product_cat?post=757308"},{"taxonomy":"product_tag","embeddable":true,"href":"https:\/\/tparts.ee\/et\/wp-json\/wp\/v2\/product_tag?post=757308"}],"curies":[{"name":"wp","href":"https:\/\/api.w.org\/{rel}","templated":true}]}}