{"id":755123,"date":"2026-01-10T03:00:03","date_gmt":"2026-01-10T03:00:03","guid":{"rendered":""},"modified":"2026-01-10T03:00:03","modified_gmt":"2026-01-10T03:00:03","slug":"puistekaru-steumax-johndeere","status":"publish","type":"product","link":"https:\/\/tparts.ee\/et\/p\/puistekaru-steumax-johndeere\/","title":{"rendered":"Puistek\u00e4ru Steumax JohnDeere"},"content":{"rendered":"<p><\/p>\n<ul><\/p>\n<li>k\u00e4rule on ketiga t\u00f6\u00f6tav pihustus<\/li>\n<li>plastikkaan<\/li>\n<li>kaal 4<br \/>","protected":false},"excerpt":{"rendered":"<p>M100-125111<\/p>\n","protected":false},"featured_media":755124,"template":"","meta":[],"product_cat":[55757,55721,55617],"product_tag":[],"_links":{"self":[{"href":"https:\/\/tparts.ee\/et\/wp-json\/wp\/v2\/product\/755123"}],"collection":[{"href":"https:\/\/tparts.ee\/et\/wp-json\/wp\/v2\/product"}],"about":[{"href":"https:\/\/tparts.ee\/et\/wp-json\/wp\/v2\/types\/product"}],"wp:featuredmedia":[{"embeddable":true,"href":"https:\/\/tparts.ee\/et\/wp-json\/wp\/v2\/media\/755124"}],"wp:attachment":[{"href":"https:\/\/tparts.ee\/et\/wp-json\/wp\/v2\/media?parent=755123"}],"wp:term":[{"taxonomy":"product_cat","embeddable":true,"href":"https:\/\/tparts.ee\/et\/wp-json\/wp\/v2\/product_cat?post=755123"},{"taxonomy":"product_tag","embeddable":true,"href":"https:\/\/tparts.ee\/et\/wp-json\/wp\/v2\/product_tag?post=755123"}],"curies":[{"name":"wp","href":"https:\/\/api.w.org\/{rel}","templated":true}]}}