{"id":754273,"date":"2026-04-18T03:00:03","date_gmt":"2026-04-18T03:00:03","guid":{"rendered":""},"modified":"2026-04-18T03:00:03","modified_gmt":"2026-04-18T03:00:03","slug":"5l-10w40-opel-poolsunteetiline","status":"publish","type":"product","link":"https:\/\/tparts.ee\/et\/p\/5l-10w40-opel-poolsunteetiline\/","title":{"rendered":"5L 10W40 Opel pools\u00fcnteetiline"},"content":{"rendered":"<p><\/p>\n<p>Originaalpakendis mootori\u00f5li Opel t\u00fc\u00fcpi s\u00f5idukitele.&nbsp;Sobib kasutamiseks s\u00f5idu- ja pakiautode bensiini- ning diiselmootorites.<\/p>\n<p><\/p>","protected":false},"excerpt":{"rendered":"<p>1942046<\/p>\n","protected":false},"featured_media":754274,"template":"","meta":[],"product_cat":[55632,55692,55693],"product_tag":[],"_links":{"self":[{"href":"https:\/\/tparts.ee\/et\/wp-json\/wp\/v2\/product\/754273"}],"collection":[{"href":"https:\/\/tparts.ee\/et\/wp-json\/wp\/v2\/product"}],"about":[{"href":"https:\/\/tparts.ee\/et\/wp-json\/wp\/v2\/types\/product"}],"wp:featuredmedia":[{"embeddable":true,"href":"https:\/\/tparts.ee\/et\/wp-json\/wp\/v2\/media\/754274"}],"wp:attachment":[{"href":"https:\/\/tparts.ee\/et\/wp-json\/wp\/v2\/media?parent=754273"}],"wp:term":[{"taxonomy":"product_cat","embeddable":true,"href":"https:\/\/tparts.ee\/et\/wp-json\/wp\/v2\/product_cat?post=754273"},{"taxonomy":"product_tag","embeddable":true,"href":"https:\/\/tparts.ee\/et\/wp-json\/wp\/v2\/product_tag?post=754273"}],"curies":[{"name":"wp","href":"https:\/\/api.w.org\/{rel}","templated":true}]}}